{"id":1719,"date":"2025-12-01T13:26:51","date_gmt":"2025-12-01T05:26:51","guid":{"rendered":"https:\/\/sying.com\/product\/k6\/"},"modified":"2025-12-04T09:53:50","modified_gmt":"2025-12-04T01:53:50","slug":"k6","status":"publish","type":"product","link":"https:\/\/sying.com\/es\/products\/moto-de-cross\/k6\/","title":{"rendered":"K6"},"content":{"rendered":"\t\t<div data-elementor-type=\"product-post\" data-elementor-id=\"1719\" class=\"elementor elementor-1719 elementor-1377\" data-elementor-post-type=\"product\">\n\t\t\t\t<div class=\"elementor-element elementor-element-1f6d473 e-flex e-con-boxed e-con e-parent\" data-id=\"1f6d473\" data-element_type=\"container\" data-e-type=\"container\" data-settings=\"{&quot;background_background&quot;:&quot;classic&quot;}\">\n\t\t\t\t\t<div class=\"e-con-inner\">\n\t\t<div class=\"elementor-element elementor-element-fb8bf77 e-con-full e-flex e-con e-child\" data-id=\"fb8bf77\" data-element_type=\"container\" data-e-type=\"container\">\n\t\t\t\t<div class=\"elementor-element elementor-element-5417ebc elementor-widget__width-initial elementor-widget elementor-widget-heading\" data-id=\"5417ebc\" data-element_type=\"widget\" data-e-type=\"widget\" data-widget_type=\"heading.default\">\n\t\t\t\t\t<h2 class=\"elementor-heading-title elementor-size-default\">Poder salvaje bajo el cap\u00f3\n<\/h2>\t\t\t\t<\/div>\n\t\t\t\t<div class=\"elementor-element elementor-element-b2928a2 elementor-pagination-type-progressbar elementor-arrows-position-inside elementor-widget elementor-widget-n-carousel\" data-id=\"b2928a2\" data-element_type=\"widget\" data-e-type=\"widget\" data-settings=\"{&quot;carousel_items&quot;:[{&quot;slide_title&quot;:&quot;Slide #1&quot;,&quot;_id&quot;:&quot;02266a2&quot;}],&quot;slides_to_show&quot;:&quot;1&quot;,&quot;slides_to_scroll&quot;:&quot;1&quot;,&quot;pagination&quot;:&quot;progressbar&quot;,&quot;slides_to_show_tablet&quot;:&quot;2&quot;,&quot;slides_to_show_mobile&quot;:&quot;1&quot;,&quot;autoplay&quot;:&quot;yes&quot;,&quot;autoplay_speed&quot;:5000,&quot;pause_on_hover&quot;:&quot;yes&quot;,&quot;pause_on_interaction&quot;:&quot;yes&quot;,&quot;infinite&quot;:&quot;yes&quot;,&quot;speed&quot;:500,&quot;offset_sides&quot;:&quot;none&quot;,&quot;arrows&quot;:&quot;yes&quot;,&quot;image_spacing_custom&quot;:{&quot;unit&quot;:&quot;px&quot;,&quot;size&quot;:10,&quot;sizes&quot;:[]},&quot;image_spacing_custom_tablet&quot;:{&quot;unit&quot;:&quot;px&quot;,&quot;size&quot;:&quot;&quot;,&quot;sizes&quot;:[]},&quot;image_spacing_custom_mobile&quot;:{&quot;unit&quot;:&quot;px&quot;,&quot;size&quot;:&quot;&quot;,&quot;sizes&quot;:[]}}\" data-widget_type=\"nested-carousel.default\">\n\t\t\t\t\t\t\t<div class=\"e-n-carousel swiper\" role=\"region\" aria-roledescription=\"carousel\" aria-label=\"Carousel\" dir=\"ltr\">\n\t\t\t<div class=\"swiper-wrapper\" aria-live=\"off\">\n\t\t\t\t\t\t\t\t\t\t<div class=\"swiper-slide\" data-slide=\"1\" role=\"group\" aria-roledescription=\"slide\" aria-label=\"1 of 1\">\n\t\t\t\t\t\t\t<div class=\"elementor-element elementor-element-7d76c2b e-flex e-con-boxed e-con e-child\" data-id=\"7d76c2b\" data-element_type=\"container\" data-e-type=\"container\">\n\t\t\t\t\t<div class=\"e-con-inner\">\n\t\t\t\t<div class=\"elementor-element elementor-element-7995aa3 elementor-widget__width-initial elementor-widget elementor-widget-image\" data-id=\"7995aa3\" data-element_type=\"widget\" data-e-type=\"widget\" data-widget_type=\"image.default\">\n\t\t\t\t\t\t\t\t\t\t\t\t\t\t\t<img fetchpriority=\"high\" decoding=\"async\" width=\"2560\" height=\"1648\" src=\"https:\/\/sying.com\/wp-content\/uploads\/2025\/12\/K6.3-scaled.jpg\" class=\"attachment-full size-full wp-image-1721\" alt=\"\" srcset=\"https:\/\/sying.com\/wp-content\/uploads\/2025\/12\/K6.3-scaled.jpg 2560w, https:\/\/sying.com\/wp-content\/uploads\/2025\/12\/K6.3-300x193.jpg 300w, https:\/\/sying.com\/wp-content\/uploads\/2025\/12\/K6.3-1024x659.jpg 1024w, https:\/\/sying.com\/wp-content\/uploads\/2025\/12\/K6.3-768x494.jpg 768w, https:\/\/sying.com\/wp-content\/uploads\/2025\/12\/K6.3-1536x989.jpg 1536w, https:\/\/sying.com\/wp-content\/uploads\/2025\/12\/K6.3-2048x1318.jpg 2048w, https:\/\/sying.com\/wp-content\/uploads\/2025\/12\/K6.3-600x386.jpg 600w\" sizes=\"(max-width: 2560px) 100vw, 2560px\" \/>\t\t\t\t\t\t\t\t\t\t\t\t\t\t\t<\/div>\n\t\t<div class=\"elementor-element elementor-element-68943ae e-con-full e-flex e-con e-child\" data-id=\"68943ae\" data-element_type=\"container\" data-e-type=\"container\">\n\t\t\t\t<div class=\"elementor-element elementor-element-362624a elementor-widget elementor-widget-heading\" data-id=\"362624a\" data-element_type=\"widget\" data-e-type=\"widget\" data-widget_type=\"heading.default\">\n\t\t\t\t\t<h3 class=\"elementor-heading-title elementor-size-default\">Tren motriz<\/h3>\t\t\t\t<\/div>\n\t\t\t\t<div class=\"elementor-element elementor-element-d0c5894 elementor-widget elementor-widget-text-editor\" data-id=\"d0c5894\" data-element_type=\"widget\" data-e-type=\"widget\" data-widget_type=\"text-editor.default\">\n\t\t\t\t\t\t\t\t\t<p>Tipo de motor: NB300, refrigeraci\u00f3n l\u00edquida, ZS 174FMN-5<br>Desplazamiento: 279,5 ml<br>Sistema de arranque: Arranque el\u00e9ctrico<br>Potencia m\u00e1xima: 19 kW\/8500 rpm<br>Par m\u00e1ximo de motor: 24N.m\/7500rpm<\/p>\t\t\t\t\t\t\t\t<\/div>\n\t\t\t\t<\/div>\n\t\t\t\t\t<\/div>\n\t\t\t\t<\/div>\n\t\t\t\t\t\t\t\t<\/div>\n\t\t\t\t\t\t\t\t<\/div>\n\t\t<\/div>\n\t\t\t\t\t\t<\/div>\n\t\t\t\t<\/div>\n\t\t\t\t\t<\/div>\n\t\t\t\t<\/div>\n\t\t<div class=\"elementor-element elementor-element-b349c9c e-flex e-con-boxed e-con e-parent\" data-id=\"b349c9c\" data-element_type=\"container\" data-e-type=\"container\" data-settings=\"{&quot;background_background&quot;:&quot;classic&quot;}\">\n\t\t\t\t\t<div class=\"e-con-inner\">\n\t\t<div class=\"elementor-element elementor-element-a861eec e-con-full e-flex e-con e-child\" data-id=\"a861eec\" data-element_type=\"container\" data-e-type=\"container\">\n\t\t\t\t<div class=\"elementor-element elementor-element-edfe99e elementor-widget elementor-widget-heading\" data-id=\"edfe99e\" data-element_type=\"widget\" data-e-type=\"widget\" data-widget_type=\"heading.default\">\n\t\t\t\t\t<h2 class=\"elementor-heading-title elementor-size-default\">Especificaciones de rendimiento que importan\n<\/h2>\t\t\t\t<\/div>\n\t\t\t\t<div class=\"elementor-element elementor-element-6e73805 elementor-pagination-type-progressbar elementor-arrows-position-inside elementor-widget elementor-widget-n-carousel\" data-id=\"6e73805\" data-element_type=\"widget\" data-e-type=\"widget\" data-settings=\"{&quot;carousel_items&quot;:[{&quot;slide_title&quot;:&quot;Slide #1&quot;,&quot;_id&quot;:&quot;02266a2&quot;}],&quot;slides_to_show&quot;:&quot;1&quot;,&quot;slides_to_scroll&quot;:&quot;1&quot;,&quot;pagination&quot;:&quot;progressbar&quot;,&quot;slides_to_show_tablet&quot;:&quot;2&quot;,&quot;slides_to_show_mobile&quot;:&quot;1&quot;,&quot;autoplay&quot;:&quot;yes&quot;,&quot;autoplay_speed&quot;:5000,&quot;pause_on_hover&quot;:&quot;yes&quot;,&quot;pause_on_interaction&quot;:&quot;yes&quot;,&quot;infinite&quot;:&quot;yes&quot;,&quot;speed&quot;:500,&quot;offset_sides&quot;:&quot;none&quot;,&quot;arrows&quot;:&quot;yes&quot;,&quot;image_spacing_custom&quot;:{&quot;unit&quot;:&quot;px&quot;,&quot;size&quot;:10,&quot;sizes&quot;:[]},&quot;image_spacing_custom_tablet&quot;:{&quot;unit&quot;:&quot;px&quot;,&quot;size&quot;:&quot;&quot;,&quot;sizes&quot;:[]},&quot;image_spacing_custom_mobile&quot;:{&quot;unit&quot;:&quot;px&quot;,&quot;size&quot;:&quot;&quot;,&quot;sizes&quot;:[]}}\" data-widget_type=\"nested-carousel.default\">\n\t\t\t\t\t\t\t<div class=\"e-n-carousel swiper\" role=\"region\" aria-roledescription=\"carousel\" aria-label=\"Carousel\" dir=\"ltr\">\n\t\t\t<div class=\"swiper-wrapper\" aria-live=\"off\">\n\t\t\t\t\t\t\t\t\t\t<div class=\"swiper-slide\" data-slide=\"1\" role=\"group\" aria-roledescription=\"slide\" aria-label=\"1 of 1\">\n\t\t\t\t\t\t\t<div class=\"elementor-element elementor-element-3049576 e-flex e-con-boxed e-con e-child\" data-id=\"3049576\" data-element_type=\"container\" data-e-type=\"container\">\n\t\t\t\t\t<div class=\"e-con-inner\">\n\t\t\t\t<div class=\"elementor-element elementor-element-58d6c00 elementor-widget__width-initial elementor-widget elementor-widget-image\" data-id=\"58d6c00\" data-element_type=\"widget\" data-e-type=\"widget\" data-widget_type=\"image.default\">\n\t\t\t\t\t\t\t\t\t\t\t\t\t\t\t<img decoding=\"async\" width=\"2560\" height=\"1648\" src=\"https:\/\/sying.com\/wp-content\/uploads\/2025\/12\/K6.4-scaled.jpg\" class=\"attachment-full size-full wp-image-1722\" alt=\"\" srcset=\"https:\/\/sying.com\/wp-content\/uploads\/2025\/12\/K6.4-scaled.jpg 2560w, https:\/\/sying.com\/wp-content\/uploads\/2025\/12\/K6.4-300x193.jpg 300w, https:\/\/sying.com\/wp-content\/uploads\/2025\/12\/K6.4-1024x659.jpg 1024w, https:\/\/sying.com\/wp-content\/uploads\/2025\/12\/K6.4-768x494.jpg 768w, https:\/\/sying.com\/wp-content\/uploads\/2025\/12\/K6.4-1536x989.jpg 1536w, https:\/\/sying.com\/wp-content\/uploads\/2025\/12\/K6.4-2048x1318.jpg 2048w, https:\/\/sying.com\/wp-content\/uploads\/2025\/12\/K6.4-600x386.jpg 600w\" sizes=\"(max-width: 2560px) 100vw, 2560px\" \/>\t\t\t\t\t\t\t\t\t\t\t\t\t\t\t<\/div>\n\t\t<div class=\"elementor-element elementor-element-110500f e-con-full e-flex e-con e-child\" data-id=\"110500f\" data-element_type=\"container\" data-e-type=\"container\">\n\t\t\t\t<div class=\"elementor-element elementor-element-d2b31b3 elementor-widget elementor-widget-heading\" data-id=\"d2b31b3\" data-element_type=\"widget\" data-e-type=\"widget\" data-widget_type=\"heading.default\">\n\t\t\t\t\t<h3 class=\"elementor-heading-title elementor-size-default\">Caracter\u00edsticas t\u00e9cnicas<\/h3>\t\t\t\t<\/div>\n\t\t\t\t<div class=\"elementor-element elementor-element-5bcacf3 elementor-widget elementor-widget-text-editor\" data-id=\"5bcacf3\" data-element_type=\"widget\" data-e-type=\"widget\" data-widget_type=\"text-editor.default\">\n\t\t\t\t\t\t\t\t\t<p>Largura total: 2170*850*1250mm<br>Distancia entre ejes: 1493mm<br>Altura libre al suelo: 280 mm<br>Altura del asiento: 940mm<br>Peso neto y bruto: 118 kg<br>Capacidad del dep\u00f3sito: 12L<br>Cantidad de carga: 42pcs\/20&#8217;GP, 120pcs\/40&#8217;HQ<\/p>\t\t\t\t\t\t\t\t<\/div>\n\t\t\t\t<\/div>\n\t\t\t\t\t<\/div>\n\t\t\t\t<\/div>\n\t\t\t\t\t\t\t\t<\/div>\n\t\t\t\t\t\t\t\t<\/div>\n\t\t<\/div>\n\t\t\t\t\t\t<\/div>\n\t\t\t\t<\/div>\n\t\t\t\t\t<\/div>\n\t\t\t\t<\/div>\n\t\t<div class=\"elementor-element elementor-element-9042fc8 e-flex e-con-boxed e-con e-parent\" data-id=\"9042fc8\" data-element_type=\"container\" data-e-type=\"container\" data-settings=\"{&quot;background_background&quot;:&quot;classic&quot;}\">\n\t\t\t\t\t<div class=\"e-con-inner\">\n\t\t<div class=\"elementor-element elementor-element-8e5ce9c e-con-full e-flex e-con e-child\" data-id=\"8e5ce9c\" data-element_type=\"container\" data-e-type=\"container\">\n\t\t\t\t<div class=\"elementor-element elementor-element-98fce10 elementor-widget__width-initial elementor-widget elementor-widget-heading\" data-id=\"98fce10\" data-element_type=\"widget\" data-e-type=\"widget\" data-widget_type=\"heading.default\">\n\t\t\t\t\t<h2 class=\"elementor-heading-title elementor-size-default\">Construyelo a tu manera\n<\/h2>\t\t\t\t<\/div>\n\t\t\t\t<div class=\"elementor-element elementor-element-6a2bf2f elementor-pagination-type-progressbar elementor-arrows-position-inside elementor-widget elementor-widget-n-carousel\" data-id=\"6a2bf2f\" data-element_type=\"widget\" data-e-type=\"widget\" data-settings=\"{&quot;carousel_items&quot;:[{&quot;slide_title&quot;:&quot;Slide #1&quot;,&quot;_id&quot;:&quot;02266a2&quot;}],&quot;slides_to_show&quot;:&quot;1&quot;,&quot;slides_to_scroll&quot;:&quot;1&quot;,&quot;pagination&quot;:&quot;progressbar&quot;,&quot;slides_to_show_tablet&quot;:&quot;2&quot;,&quot;slides_to_show_mobile&quot;:&quot;1&quot;,&quot;autoplay&quot;:&quot;yes&quot;,&quot;autoplay_speed&quot;:5000,&quot;pause_on_hover&quot;:&quot;yes&quot;,&quot;pause_on_interaction&quot;:&quot;yes&quot;,&quot;infinite&quot;:&quot;yes&quot;,&quot;speed&quot;:500,&quot;offset_sides&quot;:&quot;none&quot;,&quot;arrows&quot;:&quot;yes&quot;,&quot;image_spacing_custom&quot;:{&quot;unit&quot;:&quot;px&quot;,&quot;size&quot;:10,&quot;sizes&quot;:[]},&quot;image_spacing_custom_tablet&quot;:{&quot;unit&quot;:&quot;px&quot;,&quot;size&quot;:&quot;&quot;,&quot;sizes&quot;:[]},&quot;image_spacing_custom_mobile&quot;:{&quot;unit&quot;:&quot;px&quot;,&quot;size&quot;:&quot;&quot;,&quot;sizes&quot;:[]}}\" data-widget_type=\"nested-carousel.default\">\n\t\t\t\t\t\t\t<div class=\"e-n-carousel swiper\" role=\"region\" aria-roledescription=\"carousel\" aria-label=\"Carousel\" dir=\"ltr\">\n\t\t\t<div class=\"swiper-wrapper\" aria-live=\"off\">\n\t\t\t\t\t\t\t\t\t\t<div class=\"swiper-slide\" data-slide=\"1\" role=\"group\" aria-roledescription=\"slide\" aria-label=\"1 of 1\">\n\t\t\t\t\t\t\t<div class=\"elementor-element elementor-element-37be7f8 e-flex e-con-boxed e-con e-child\" data-id=\"37be7f8\" data-element_type=\"container\" data-e-type=\"container\">\n\t\t\t\t\t<div class=\"e-con-inner\">\n\t\t\t\t<div class=\"elementor-element elementor-element-c551253 elementor-widget__width-initial elementor-widget elementor-widget-image\" data-id=\"c551253\" data-element_type=\"widget\" data-e-type=\"widget\" data-widget_type=\"image.default\">\n\t\t\t\t\t\t\t\t\t\t\t\t\t\t\t<img decoding=\"async\" width=\"2560\" height=\"1648\" src=\"https:\/\/sying.com\/wp-content\/uploads\/2025\/12\/K6.5-scaled.jpg\" class=\"attachment-full size-full wp-image-1723\" alt=\"\" srcset=\"https:\/\/sying.com\/wp-content\/uploads\/2025\/12\/K6.5-scaled.jpg 2560w, https:\/\/sying.com\/wp-content\/uploads\/2025\/12\/K6.5-300x193.jpg 300w, https:\/\/sying.com\/wp-content\/uploads\/2025\/12\/K6.5-1024x659.jpg 1024w, https:\/\/sying.com\/wp-content\/uploads\/2025\/12\/K6.5-768x494.jpg 768w, https:\/\/sying.com\/wp-content\/uploads\/2025\/12\/K6.5-1536x989.jpg 1536w, https:\/\/sying.com\/wp-content\/uploads\/2025\/12\/K6.5-2048x1318.jpg 2048w, https:\/\/sying.com\/wp-content\/uploads\/2025\/12\/K6.5-600x386.jpg 600w\" sizes=\"(max-width: 2560px) 100vw, 2560px\" \/>\t\t\t\t\t\t\t\t\t\t\t\t\t\t\t<\/div>\n\t\t<div class=\"elementor-element elementor-element-29cc6bb e-con-full e-flex e-con e-child\" data-id=\"29cc6bb\" data-element_type=\"container\" data-e-type=\"container\">\n\t\t\t\t<div class=\"elementor-element elementor-element-35208bb elementor-widget elementor-widget-heading\" data-id=\"35208bb\" data-element_type=\"widget\" data-e-type=\"widget\" data-widget_type=\"heading.default\">\n\t\t\t\t\t<h3 class=\"elementor-heading-title elementor-size-default\">Opciones de configuraci\u00f3n<\/h3>\t\t\t\t<\/div>\n\t\t\t\t<\/div>\n\t\t\t\t\t<\/div>\n\t\t\t\t<\/div>\n\t\t\t\t\t\t\t\t<\/div>\n\t\t\t\t\t\t\t\t<\/div>\n\t\t<\/div>\n\t\t\t\t\t\t<\/div>\n\t\t\t\t<\/div>\n\t\t\t\t\t<\/div>\n\t\t\t\t<\/div>\n\t\t<div class=\"elementor-element elementor-element-1ebf971 elementor-hidden-desktop elementor-hidden-tablet elementor-hidden-mobile e-flex e-con-boxed e-con e-parent\" data-id=\"1ebf971\" data-element_type=\"container\" data-e-type=\"container\" data-settings=\"{&quot;background_background&quot;:&quot;classic&quot;}\">\n\t\t\t\t\t<div class=\"e-con-inner\">\n\t\t<div class=\"elementor-element elementor-element-b2bdded e-con-full e-flex e-con e-child\" data-id=\"b2bdded\" data-element_type=\"container\" data-e-type=\"container\">\n\t\t\t\t<div class=\"elementor-element elementor-element-e783bbc elementor-invisible elementor-widget elementor-widget-image\" data-id=\"e783bbc\" data-element_type=\"widget\" data-e-type=\"widget\" data-settings=\"{&quot;_animation&quot;:&quot;fadeInLeft&quot;}\" data-widget_type=\"image.default\">\n\t\t\t\t\t\t\t\t\t\t\t\t\t\t\t<img loading=\"lazy\" decoding=\"async\" width=\"1280\" height=\"800\" src=\"https:\/\/sying.com\/wp-content\/uploads\/2025\/09\/motorbike-4262635_1280.jpg\" class=\"attachment-full size-full wp-image-1649\" alt=\"\" srcset=\"https:\/\/sying.com\/wp-content\/uploads\/2025\/09\/motorbike-4262635_1280.jpg 1280w, https:\/\/sying.com\/wp-content\/uploads\/2025\/09\/motorbike-4262635_1280-300x188.jpg 300w, https:\/\/sying.com\/wp-content\/uploads\/2025\/09\/motorbike-4262635_1280-1024x640.jpg 1024w, https:\/\/sying.com\/wp-content\/uploads\/2025\/09\/motorbike-4262635_1280-768x480.jpg 768w, https:\/\/sying.com\/wp-content\/uploads\/2025\/09\/motorbike-4262635_1280-600x375.jpg 600w\" sizes=\"(max-width: 1280px) 100vw, 1280px\" \/>\t\t\t\t\t\t\t\t\t\t\t\t\t\t\t<\/div>\n\t\t\t\t<\/div>\n\t\t<div class=\"elementor-element elementor-element-7675f96 e-con-full e-flex e-con e-child\" data-id=\"7675f96\" data-element_type=\"container\" data-e-type=\"container\">\n\t\t\t\t<div class=\"elementor-element elementor-element-eeb3f03 elementor-widget elementor-widget-heading\" data-id=\"eeb3f03\" data-element_type=\"widget\" data-e-type=\"widget\" data-widget_type=\"heading.default\">\n\t\t\t\t\t<h2 class=\"elementor-heading-title elementor-size-default\">T\u00e9cnicas\n<\/h2>\t\t\t\t<\/div>\n\t\t\t\t<div class=\"elementor-element elementor-element-cedeb6c elementor-widget elementor-widget-text-editor\" data-id=\"cedeb6c\" data-element_type=\"widget\" data-e-type=\"widget\" data-widget_type=\"text-editor.default\">\n\t\t\t\t\t\t\t\t\t<p>Lorem ipsum dolor sit amet, consectetur adipiscing elit. Ut elit tellus, luctus nec ullamcorper mattis, pulvinar dapibus leo.Lorem ipsum dolor sit amet, consectetur adipiscing elit. Ut elit tellus, luctus nec ullamcorper mattis, pulvinar dapibus leo.Lorem ipsum dolor sit amet, consectetur adipiscing elit. Ut elit tellus, luctus nec ullamcorper mattis, pulvinar dapibus leo.<\/p>\t\t\t\t\t\t\t\t<\/div>\n\t\t\t\t<\/div>\n\t\t\t\t\t<\/div>\n\t\t\t\t<\/div>\n\t\t\t\t<\/div>\n\t\t","protected":false},"excerpt":{"rendered":"<p>\u00a1Desata tu esp\u00edritu off-road! \u00a1Arma indiscutible del hip\u00f3dromo! <\/p>\n","protected":false},"featured_media":1378,"comment_status":"open","ping_status":"closed","template":"","meta":[],"product_brand":[],"product_cat":[53],"product_tag":[],"class_list":{"0":"post-1719","1":"product","2":"type-product","3":"status-publish","4":"has-post-thumbnail","6":"product_cat-moto-de-cross","8":"first","9":"instock","10":"shipping-taxable","11":"product-type-simple"},"_links":{"self":[{"href":"https:\/\/sying.com\/es\/wp-json\/wp\/v2\/product\/1719","targetHints":{"allow":["GET"]}}],"collection":[{"href":"https:\/\/sying.com\/es\/wp-json\/wp\/v2\/product"}],"about":[{"href":"https:\/\/sying.com\/es\/wp-json\/wp\/v2\/types\/product"}],"replies":[{"embeddable":true,"href":"https:\/\/sying.com\/es\/wp-json\/wp\/v2\/comments?post=1719"}],"version-history":[{"count":3,"href":"https:\/\/sying.com\/es\/wp-json\/wp\/v2\/product\/1719\/revisions"}],"predecessor-version":[{"id":1758,"href":"https:\/\/sying.com\/es\/wp-json\/wp\/v2\/product\/1719\/revisions\/1758"}],"wp:featuredmedia":[{"embeddable":true,"href":"https:\/\/sying.com\/es\/wp-json\/wp\/v2\/media\/1378"}],"wp:attachment":[{"href":"https:\/\/sying.com\/es\/wp-json\/wp\/v2\/media?parent=1719"}],"wp:term":[{"taxonomy":"product_brand","embeddable":true,"href":"https:\/\/sying.com\/es\/wp-json\/wp\/v2\/product_brand?post=1719"},{"taxonomy":"product_cat","embeddable":true,"href":"https:\/\/sying.com\/es\/wp-json\/wp\/v2\/product_cat?post=1719"},{"taxonomy":"product_tag","embeddable":true,"href":"https:\/\/sying.com\/es\/wp-json\/wp\/v2\/product_tag?post=1719"}],"curies":[{"name":"wp","href":"https:\/\/api.w.org\/{rel}","templated":true}]}}